{"id":26173,"date":"2022-10-08T13:05:53","date_gmt":"2022-10-08T11:05:53","guid":{"rendered":"https:\/\/www.janycoachingconsulting.com\/contact\/"},"modified":"2022-11-16T23:51:10","modified_gmt":"2022-11-16T22:51:10","slug":"contact","status":"publish","type":"page","link":"https:\/\/www.janycoachingconsulting.com\/fr\/contact\/","title":{"rendered":"Contact"},"content":{"rendered":"\t\t<div data-elementor-type=\"wp-page\" data-elementor-id=\"26173\" class=\"elementor elementor-26173 elementor-25586\">\n\t\t\t\t\t\t<section class=\"elementor-section elementor-top-section elementor-element elementor-element-841edf1 elementor-section-height-min-height elementor-section-boxed elementor-section-height-default elementor-section-items-middle\" data-id=\"841edf1\" data-element_type=\"section\" data-settings=\"{&quot;background_background&quot;:&quot;classic&quot;}\">\n\t\t\t\t\t\t\t<div class=\"elementor-background-overlay\"><\/div>\n\t\t\t\t\t\t\t<div class=\"elementor-container elementor-column-gap-default\">\n\t\t\t\t\t<div class=\"elementor-column elementor-col-100 elementor-top-column elementor-element elementor-element-285b44e1\" data-id=\"285b44e1\" data-element_type=\"column\">\n\t\t\t<div class=\"elementor-widget-wrap elementor-element-populated\">\n\t\t\t\t\t\t<div class=\"elementor-element elementor-element-7af0acdc elementor-widget elementor-widget-image-box\" data-id=\"7af0acdc\" data-element_type=\"widget\" data-widget_type=\"image-box.default\">\n\t\t\t\t<div class=\"elementor-widget-container\">\n\t\t\t\t\t<div class=\"elementor-image-box-wrapper\"><div class=\"elementor-image-box-content\"><h1 class=\"elementor-image-box-title\">Au plaisir d'\u00e9changer avec vous<\/h1><\/div><\/div>\t\t\t\t<\/div>\n\t\t\t\t<\/div>\n\t\t\t\t\t<\/div>\n\t\t<\/div>\n\t\t\t\t\t<\/div>\n\t\t<\/section>\n\t\t\t\t<section class=\"elementor-section elementor-top-section elementor-element elementor-element-26aea0b0 elementor-section-boxed elementor-section-height-default elementor-section-height-default\" data-id=\"26aea0b0\" data-element_type=\"section\">\n\t\t\t\t\t\t<div class=\"elementor-container elementor-column-gap-default\">\n\t\t\t\t\t<div class=\"elementor-column elementor-col-100 elementor-top-column elementor-element elementor-element-7a45d3e5\" data-id=\"7a45d3e5\" data-element_type=\"column\">\n\t\t\t<div class=\"elementor-widget-wrap elementor-element-populated\">\n\t\t\t\t\t\t<div class=\"elementor-element elementor-element-5bbcf83a elementor-widget__width-auto elementor-widget-tablet__width-auto elementor-widget-mobile__width-auto elementor-widget elementor-widget-shortcode\" data-id=\"5bbcf83a\" data-element_type=\"widget\" data-widget_type=\"shortcode.default\">\n\t\t\t\t<div class=\"elementor-widget-container\">\n\t\t\t\t\t\t\t<div class=\"elementor-shortcode\"><span><span><a href=\"https:\/\/www.janycoachingconsulting.com\/fr\/\">Home<\/a><\/span><\/span><\/div>\n\t\t\t\t\t\t<\/div>\n\t\t\t\t<\/div>\n\t\t\t\t\t<\/div>\n\t\t<\/div>\n\t\t\t\t\t<\/div>\n\t\t<\/section>\n\t\t\t\t<section class=\"elementor-section elementor-top-section elementor-element elementor-element-7a0ccb18 elementor-section-content-middle elementor-section-boxed elementor-section-height-default elementor-section-height-default\" data-id=\"7a0ccb18\" data-element_type=\"section\" data-settings=\"{&quot;background_background&quot;:&quot;classic&quot;}\">\n\t\t\t\t\t\t<div class=\"elementor-container elementor-column-gap-default\">\n\t\t\t\t\t<div class=\"elementor-column elementor-col-66 elementor-top-column elementor-element elementor-element-71d5d38e\" data-id=\"71d5d38e\" data-element_type=\"column\" data-settings=\"{&quot;background_background&quot;:&quot;classic&quot;}\">\n\t\t\t<div class=\"elementor-widget-wrap elementor-element-populated\">\n\t\t\t\t\t\t<div class=\"elementor-element elementor-element-181caed5 elementor-widget elementor-widget-heading\" data-id=\"181caed5\" data-element_type=\"widget\" data-widget_type=\"heading.default\">\n\t\t\t\t<div class=\"elementor-widget-container\">\n\t\t\t\t\t<h2 class=\"elementor-heading-title elementor-size-default\">Contactez-moi<\/h2>\t\t\t\t<\/div>\n\t\t\t\t<\/div>\n\t\t\t\t<div class=\"elementor-element elementor-element-ffa2e8c elementor-widget elementor-widget-shortcode\" data-id=\"ffa2e8c\" data-element_type=\"widget\" data-widget_type=\"shortcode.default\">\n\t\t\t\t<div class=\"elementor-widget-container\">\n\t\t\t\t\t\t\t<div class=\"elementor-shortcode\"><div class=\"wpforms-container \" id=\"wpforms-323\"><form id=\"wpforms-form-323\" class=\"wpforms-validate wpforms-form\" data-formid=\"323\" method=\"post\" enctype=\"multipart\/form-data\" action=\"\/fr\/wp-json\/wp\/v2\/pages\/26173\" data-token=\"8f7069fd7ccebe37bb7048695efcd2c7\" data-token-time=\"1778694757\"><noscript class=\"wpforms-error-noscript\">Veuillez activer JavaScript dans votre navigateur pour remplir ce formulaire.<\/noscript><div class=\"wpforms-field-container\"><div id=\"wpforms-323-field_5-container\" class=\"wpforms-field wpforms-field-name\" data-field-id=\"5\"><label class=\"wpforms-field-label\">Nom <span class=\"wpforms-required-label\">*<\/span><\/label><div class=\"wpforms-field-row wpforms-field-medium\"><div class=\"wpforms-field-row-block wpforms-first wpforms-one-half\"><input type=\"text\" id=\"wpforms-323-field_5\" class=\"wpforms-field-name-first wpforms-field-required\" name=\"wpforms[fields][5][first]\" placeholder=\"Votre pr\u00e9nom\" required><label for=\"wpforms-323-field_5\" class=\"wpforms-field-sublabel after\">Pr\u00e9nom<\/label><\/div><div class=\"wpforms-field-row-block wpforms-one-half\"><input type=\"text\" id=\"wpforms-323-field_5-last\" class=\"wpforms-field-name-last wpforms-field-required\" name=\"wpforms[fields][5][last]\" placeholder=\"Votre nom\" required><label for=\"wpforms-323-field_5-last\" class=\"wpforms-field-sublabel after\">Nom<\/label><\/div><\/div><\/div><div id=\"wpforms-323-field_1-container\" class=\"wpforms-field wpforms-field-email\" data-field-id=\"1\"><label class=\"wpforms-field-label\" for=\"wpforms-323-field_1\">Email <span class=\"wpforms-required-label\">*<\/span><\/label><input type=\"email\" id=\"wpforms-323-field_1\" class=\"wpforms-field-large wpforms-field-required\" name=\"wpforms[fields][1]\" placeholder=\"Votre adresse email\" spellcheck=\"false\" required><\/div><div id=\"wpforms-323-field_4-container\" class=\"wpforms-field wpforms-field-number\" data-field-id=\"4\"><label class=\"wpforms-field-label\" for=\"wpforms-323-field_4\">T\u00e9l\u00e9phone<\/label><input type=\"number\" id=\"wpforms-323-field_4\" class=\"wpforms-field-medium\" name=\"wpforms[fields][4]\" placeholder=\"Votre num\u00e9ro de t\u00e9l\u00e9phone\" step=\"any\" ><\/div><div id=\"wpforms-323-field_3-container\" class=\"wpforms-field wpforms-field-text\" data-field-id=\"3\"><label class=\"wpforms-field-label\" for=\"wpforms-323-field_3\">Sujet <span class=\"wpforms-required-label\">*<\/span><\/label><input type=\"text\" id=\"wpforms-323-field_3\" class=\"wpforms-field-large wpforms-field-required\" name=\"wpforms[fields][3]\" placeholder=\"Votre sujet\" required><\/div><div id=\"wpforms-323-field_2-container\" class=\"wpforms-field wpforms-field-textarea\" data-field-id=\"2\"><label class=\"wpforms-field-label\" for=\"wpforms-323-field_2\">Message <span class=\"wpforms-required-label\">*<\/span><\/label><textarea id=\"wpforms-323-field_2\" class=\"wpforms-field-medium wpforms-field-required\" name=\"wpforms[fields][2]\" placeholder=\"Votre message...\" required><\/textarea><\/div><\/div><!-- .wpforms-field-container --><div class=\"wpforms-field wpforms-field-hp\"><label for=\"wpforms-323-field-hp\" class=\"wpforms-field-label\">Email<\/label><input type=\"text\" name=\"wpforms[hp]\" id=\"wpforms-323-field-hp\" class=\"wpforms-field-medium\"><\/div>\r\n\t\t\t<script>\r\n\t\t\tif ( typeof huOptions !== 'undefined' ) {\r\n\t\t\t\tvar huFormData = {\"source\":\"wpforms\",\"id\":323,\"title\":\"Contact Form\",\"fields\":{\"subject\":{\"first_name\":\"\",\"last_name\":\"\"}}};\r\n\t\t\t\tvar huFormNode = document.querySelector( '[id=\"wpforms-323\"] form' );\r\n\r\n\t\t\t\tvar firstName = huFormNode.querySelector( 'input.wpforms-field-name-first' );\r\n\t\t\t\tvar lastName = huFormNode.querySelector( 'input.wpforms-field-name-last' );\r\n\r\n\t\t\t\tif ( firstName )\r\n\t\t\t\t\thuFormData['fields']['subject']['first_name'] = firstName.getAttribute( 'name' );\r\n\r\n\t\t\t\tif ( lastName )\r\n\t\t\t\t\thuFormData['fields']['subject']['last_name'] = lastName.getAttribute( 'name' );\r\n\r\n\t\t\t\thuFormData['node'] = huFormNode;\r\n\t\t\t\thuOptions['forms'].push( huFormData );\r\n\t\t\t}\r\n\t\t\t<\/script><div class=\"wpforms-submit-container\" ><input type=\"hidden\" name=\"wpforms[id]\" value=\"323\"><input type=\"hidden\" name=\"page_title\" value=\"\"><input type=\"hidden\" name=\"page_url\" value=\"https:\/\/www.janycoachingconsulting.com\/fr\/wp-json\/wp\/v2\/pages\/26173\"><input type=\"hidden\" name=\"url_referer\" value=\"\"><button type=\"submit\" name=\"wpforms[submit]\" id=\"wpforms-submit-323\" class=\"wpforms-submit\" data-alt-text=\"Envoi en cours...\" data-submit-text=\"Envoyer\" aria-live=\"assertive\" value=\"wpforms-submit\">Envoyer<\/button><\/div><\/form><\/div>  <!-- .wpforms-container --><\/div>\n\t\t\t\t\t\t<\/div>\n\t\t\t\t<\/div>\n\t\t\t\t\t<\/div>\n\t\t<\/div>\n\t\t\t\t<div class=\"elementor-column elementor-col-33 elementor-top-column elementor-element elementor-element-25848039\" data-id=\"25848039\" data-element_type=\"column\">\n\t\t\t<div class=\"elementor-widget-wrap elementor-element-populated\">\n\t\t\t\t\t\t<div class=\"elementor-element elementor-element-22ee4b2b elementor-widget elementor-widget-image\" data-id=\"22ee4b2b\" data-element_type=\"widget\" data-widget_type=\"image.default\">\n\t\t\t\t<div class=\"elementor-widget-container\">\n\t\t\t\t\t\t\t\t\t\t\t\t<figure class=\"wp-caption\">\n\t\t\t\t\t\t\t\t\t\t<img fetchpriority=\"high\" decoding=\"async\" width=\"768\" height=\"1025\" src=\"https:\/\/www.janycoachingconsulting.com\/wp-content\/uploads\/2022\/10\/jany-coaching-consulting-contact-anne-jany-1-768x1025.jpeg\" class=\"attachment-medium_large size-medium_large wp-image-25480\" alt=\"\" srcset=\"https:\/\/www.janycoachingconsulting.com\/wp-content\/uploads\/2022\/10\/jany-coaching-consulting-contact-anne-jany-1-768x1025.jpeg 768w, https:\/\/www.janycoachingconsulting.com\/wp-content\/uploads\/2022\/10\/jany-coaching-consulting-contact-anne-jany-1-225x300.jpeg 225w, https:\/\/www.janycoachingconsulting.com\/wp-content\/uploads\/2022\/10\/jany-coaching-consulting-contact-anne-jany-1-767x1024.jpeg 767w, https:\/\/www.janycoachingconsulting.com\/wp-content\/uploads\/2022\/10\/jany-coaching-consulting-contact-anne-jany-1-1151x1536.jpeg 1151w, https:\/\/www.janycoachingconsulting.com\/wp-content\/uploads\/2022\/10\/jany-coaching-consulting-contact-anne-jany-1.jpeg 1439w\" sizes=\"(max-width: 768px) 100vw, 768px\" \/>\t\t\t\t\t\t\t\t\t\t\t<figcaption class=\"widget-image-caption wp-caption-text\"><\/figcaption>\n\t\t\t\t\t\t\t\t\t\t<\/figure>\n\t\t\t\t\t\t\t\t\t<\/div>\n\t\t\t\t<\/div>\n\t\t\t\t\t<\/div>\n\t\t<\/div>\n\t\t\t\t\t<\/div>\n\t\t<\/section>\n\t\t\t\t<\/div>\n\t\t","protected":false},"excerpt":{"rendered":"<p>Au plaisir d&rsquo;\u00e9changer avec vous Contactez-moi<\/p>\n","protected":false},"author":2,"featured_media":0,"parent":0,"menu_order":0,"comment_status":"closed","ping_status":"closed","template":"","meta":{"site-sidebar-layout":"no-sidebar","site-content-layout":"page-builder","ast-site-content-layout":"default","site-content-style":"default","site-sidebar-style":"default","ast-global-header-display":"","ast-banner-title-visibility":"","ast-main-header-display":"","ast-hfb-above-header-display":"","ast-hfb-below-header-display":"","ast-hfb-mobile-header-display":"","site-post-title":"disabled","ast-breadcrumbs-content":"","ast-featured-img":"disabled","footer-sml-layout":"","ast-disable-related-posts":"","theme-transparent-header-meta":"","adv-header-id-meta":"","stick-header-meta":"","header-above-stick-meta":"","header-main-stick-meta":"","header-below-stick-meta":"","astra-migrate-meta-layouts":"default","ast-page-background-enabled":"default","ast-page-background-meta":{"desktop":{"background-color":"","background-image":"","background-repeat":"repeat","background-position":"center center","background-size":"auto","background-attachment":"scroll","background-type":"","background-media":"","overlay-type":"","overlay-color":"","overlay-opacity":"","overlay-gradient":""},"tablet":{"background-color":"","background-image":"","background-repeat":"repeat","background-position":"center center","background-size":"auto","background-attachment":"scroll","background-type":"","background-media":"","overlay-type":"","overlay-color":"","overlay-opacity":"","overlay-gradient":""},"mobile":{"background-color":"","background-image":"","background-repeat":"repeat","background-position":"center center","background-size":"auto","background-attachment":"scroll","background-type":"","background-media":"","overlay-type":"","overlay-color":"","overlay-opacity":"","overlay-gradient":""}},"ast-content-background-meta":{"desktop":{"background-color":"var(--ast-global-color-5)","background-image":"","background-repeat":"repeat","background-position":"center center","background-size":"auto","background-attachment":"scroll","background-type":"","background-media":"","overlay-type":"","overlay-color":"","overlay-opacity":"","overlay-gradient":""},"tablet":{"background-color":"var(--ast-global-color-5)","background-image":"","background-repeat":"repeat","background-position":"center center","background-size":"auto","background-attachment":"scroll","background-type":"","background-media":"","overlay-type":"","overlay-color":"","overlay-opacity":"","overlay-gradient":""},"mobile":{"background-color":"var(--ast-global-color-5)","background-image":"","background-repeat":"repeat","background-position":"center center","background-size":"auto","background-attachment":"scroll","background-type":"","background-media":"","overlay-type":"","overlay-color":"","overlay-opacity":"","overlay-gradient":""}},"footnotes":""},"yoast_head":"<!-- This site is optimized with the Yoast SEO plugin v22.6 - https:\/\/yoast.com\/wordpress\/plugins\/seo\/ -->\n<title>Contact | Jany Coaching &amp; Consulting<\/title>\n<meta name=\"description\" content=\"Contactez Jany Coaching &amp; Consulting, Coach professionnel, manager, entreprise, strat\u00e9gie &amp; Consultante en a\u00e9rospatial et management Bas\u00e9 \u00e0 Toulouse, travaille \u00e0 l&#039;international France, USA, Europe\" \/>\n<meta name=\"robots\" content=\"index, follow, max-snippet:-1, max-image-preview:large, max-video-preview:-1\" \/>\n<link rel=\"canonical\" href=\"https:\/\/www.janycoachingconsulting.com\/fr\/contact\/\" \/>\n<meta property=\"og:locale\" content=\"fr_FR\" \/>\n<meta property=\"og:type\" content=\"article\" \/>\n<meta property=\"og:title\" content=\"Contact | Jany Coaching &amp; Consulting\" \/>\n<meta property=\"og:description\" content=\"Contactez Jany Coaching &amp; Consulting, Coach professionnel, manager, entreprise, strat\u00e9gie &amp; Consultante en a\u00e9rospatial et management Bas\u00e9 \u00e0 Toulouse, travaille \u00e0 l&#039;international France, USA, Europe\" \/>\n<meta property=\"og:url\" content=\"https:\/\/www.janycoachingconsulting.com\/fr\/contact\/\" \/>\n<meta property=\"og:site_name\" content=\"Jany Coaching &amp; Consulting\" \/>\n<meta property=\"article:modified_time\" content=\"2022-11-16T22:51:10+00:00\" \/>\n<meta property=\"og:image\" content=\"https:\/\/www.janycoachingconsulting.com\/wp-content\/uploads\/2022\/10\/jany-coaching-consulting-contact-anne-jany-1-768x1025.jpeg\" \/>\n<meta name=\"twitter:card\" content=\"summary_large_image\" \/>\n<meta name=\"twitter:site\" content=\"@JCCcoachconsult\" \/>\n<meta name=\"twitter:label1\" content=\"Dur\u00e9e de lecture estim\u00e9e\" \/>\n\t<meta name=\"twitter:data1\" content=\"1 minute\" \/>\n<script type=\"application\/ld+json\" class=\"yoast-schema-graph\">{\"@context\":\"https:\/\/schema.org\",\"@graph\":[{\"@type\":\"WebPage\",\"@id\":\"https:\/\/www.janycoachingconsulting.com\/fr\/contact\/\",\"url\":\"https:\/\/www.janycoachingconsulting.com\/fr\/contact\/\",\"name\":\"Contact | Jany Coaching &amp; Consulting\",\"isPartOf\":{\"@id\":\"https:\/\/www.janycoachingconsulting.com\/fr\/#website\"},\"primaryImageOfPage\":{\"@id\":\"https:\/\/www.janycoachingconsulting.com\/fr\/contact\/#primaryimage\"},\"image\":{\"@id\":\"https:\/\/www.janycoachingconsulting.com\/fr\/contact\/#primaryimage\"},\"thumbnailUrl\":\"https:\/\/www.janycoachingconsulting.com\/wp-content\/uploads\/2022\/10\/jany-coaching-consulting-contact-anne-jany-1-768x1025.jpeg\",\"datePublished\":\"2022-10-08T11:05:53+00:00\",\"dateModified\":\"2022-11-16T22:51:10+00:00\",\"description\":\"Contactez Jany Coaching & Consulting, Coach professionnel, manager, entreprise, strat\u00e9gie & Consultante en a\u00e9rospatial et management Bas\u00e9 \u00e0 Toulouse, travaille \u00e0 l'international France, USA, Europe\",\"breadcrumb\":{\"@id\":\"https:\/\/www.janycoachingconsulting.com\/fr\/contact\/#breadcrumb\"},\"inLanguage\":\"fr-FR\",\"potentialAction\":[{\"@type\":\"ReadAction\",\"target\":[\"https:\/\/www.janycoachingconsulting.com\/fr\/contact\/\"]}]},{\"@type\":\"ImageObject\",\"inLanguage\":\"fr-FR\",\"@id\":\"https:\/\/www.janycoachingconsulting.com\/fr\/contact\/#primaryimage\",\"url\":\"https:\/\/www.janycoachingconsulting.com\/wp-content\/uploads\/2022\/10\/jany-coaching-consulting-contact-anne-jany-1-768x1025.jpeg\",\"contentUrl\":\"https:\/\/www.janycoachingconsulting.com\/wp-content\/uploads\/2022\/10\/jany-coaching-consulting-contact-anne-jany-1-768x1025.jpeg\"},{\"@type\":\"BreadcrumbList\",\"@id\":\"https:\/\/www.janycoachingconsulting.com\/fr\/contact\/#breadcrumb\",\"itemListElement\":[{\"@type\":\"ListItem\",\"position\":1,\"name\":\"Home\",\"item\":\"https:\/\/www.janycoachingconsulting.com\/fr\/\"},{\"@type\":\"ListItem\",\"position\":2,\"name\":\"Me contacter\"}]},{\"@type\":\"WebSite\",\"@id\":\"https:\/\/www.janycoachingconsulting.com\/fr\/#website\",\"url\":\"https:\/\/www.janycoachingconsulting.com\/fr\/\",\"name\":\"Jany Coaching &amp; Consulting\",\"description\":\"Makes People and Businesses evolve\",\"publisher\":{\"@id\":\"https:\/\/www.janycoachingconsulting.com\/fr\/#organization\"},\"alternateName\":\"JC&C\",\"potentialAction\":[{\"@type\":\"SearchAction\",\"target\":{\"@type\":\"EntryPoint\",\"urlTemplate\":\"https:\/\/www.janycoachingconsulting.com\/fr\/?s={search_term_string}\"},\"query-input\":\"required name=search_term_string\"}],\"inLanguage\":\"fr-FR\"},{\"@type\":\"Organization\",\"@id\":\"https:\/\/www.janycoachingconsulting.com\/fr\/#organization\",\"name\":\"Jany Coaching &amp; Consulting\",\"alternateName\":\"JC&C\",\"url\":\"https:\/\/www.janycoachingconsulting.com\/fr\/\",\"logo\":{\"@type\":\"ImageObject\",\"inLanguage\":\"fr-FR\",\"@id\":\"https:\/\/www.janycoachingconsulting.com\/fr\/#\/schema\/logo\/image\/\",\"url\":\"https:\/\/www.janycoachingconsulting.com\/wp-content\/uploads\/2022\/10\/logo-jcc-white-web.png\",\"contentUrl\":\"https:\/\/www.janycoachingconsulting.com\/wp-content\/uploads\/2022\/10\/logo-jcc-white-web.png\",\"width\":250,\"height\":82,\"caption\":\"Jany Coaching &amp; Consulting\"},\"image\":{\"@id\":\"https:\/\/www.janycoachingconsulting.com\/fr\/#\/schema\/logo\/image\/\"},\"sameAs\":[\"https:\/\/x.com\/JCCcoachconsult\",\"http:\/\/www.linkedin.com\/in\/anne-jany-1901006\"]}]}<\/script>\n<!-- \/ Yoast SEO plugin. -->","yoast_head_json":{"title":"Contact | Jany Coaching &amp; Consulting","description":"Contactez Jany Coaching & Consulting, Coach professionnel, manager, entreprise, strat\u00e9gie & Consultante en a\u00e9rospatial et management Bas\u00e9 \u00e0 Toulouse, travaille \u00e0 l'international France, USA, Europe","robots":{"index":"index","follow":"follow","max-snippet":"max-snippet:-1","max-image-preview":"max-image-preview:large","max-video-preview":"max-video-preview:-1"},"canonical":"https:\/\/www.janycoachingconsulting.com\/fr\/contact\/","og_locale":"fr_FR","og_type":"article","og_title":"Contact | Jany Coaching &amp; Consulting","og_description":"Contactez Jany Coaching & Consulting, Coach professionnel, manager, entreprise, strat\u00e9gie & Consultante en a\u00e9rospatial et management Bas\u00e9 \u00e0 Toulouse, travaille \u00e0 l'international France, USA, Europe","og_url":"https:\/\/www.janycoachingconsulting.com\/fr\/contact\/","og_site_name":"Jany Coaching &amp; Consulting","article_modified_time":"2022-11-16T22:51:10+00:00","og_image":[{"url":"https:\/\/www.janycoachingconsulting.com\/wp-content\/uploads\/2022\/10\/jany-coaching-consulting-contact-anne-jany-1-768x1025.jpeg"}],"twitter_card":"summary_large_image","twitter_site":"@JCCcoachconsult","twitter_misc":{"Dur\u00e9e de lecture estim\u00e9e":"1 minute"},"schema":{"@context":"https:\/\/schema.org","@graph":[{"@type":"WebPage","@id":"https:\/\/www.janycoachingconsulting.com\/fr\/contact\/","url":"https:\/\/www.janycoachingconsulting.com\/fr\/contact\/","name":"Contact | Jany Coaching &amp; Consulting","isPartOf":{"@id":"https:\/\/www.janycoachingconsulting.com\/fr\/#website"},"primaryImageOfPage":{"@id":"https:\/\/www.janycoachingconsulting.com\/fr\/contact\/#primaryimage"},"image":{"@id":"https:\/\/www.janycoachingconsulting.com\/fr\/contact\/#primaryimage"},"thumbnailUrl":"https:\/\/www.janycoachingconsulting.com\/wp-content\/uploads\/2022\/10\/jany-coaching-consulting-contact-anne-jany-1-768x1025.jpeg","datePublished":"2022-10-08T11:05:53+00:00","dateModified":"2022-11-16T22:51:10+00:00","description":"Contactez Jany Coaching & Consulting, Coach professionnel, manager, entreprise, strat\u00e9gie & Consultante en a\u00e9rospatial et management Bas\u00e9 \u00e0 Toulouse, travaille \u00e0 l'international France, USA, Europe","breadcrumb":{"@id":"https:\/\/www.janycoachingconsulting.com\/fr\/contact\/#breadcrumb"},"inLanguage":"fr-FR","potentialAction":[{"@type":"ReadAction","target":["https:\/\/www.janycoachingconsulting.com\/fr\/contact\/"]}]},{"@type":"ImageObject","inLanguage":"fr-FR","@id":"https:\/\/www.janycoachingconsulting.com\/fr\/contact\/#primaryimage","url":"https:\/\/www.janycoachingconsulting.com\/wp-content\/uploads\/2022\/10\/jany-coaching-consulting-contact-anne-jany-1-768x1025.jpeg","contentUrl":"https:\/\/www.janycoachingconsulting.com\/wp-content\/uploads\/2022\/10\/jany-coaching-consulting-contact-anne-jany-1-768x1025.jpeg"},{"@type":"BreadcrumbList","@id":"https:\/\/www.janycoachingconsulting.com\/fr\/contact\/#breadcrumb","itemListElement":[{"@type":"ListItem","position":1,"name":"Home","item":"https:\/\/www.janycoachingconsulting.com\/fr\/"},{"@type":"ListItem","position":2,"name":"Me contacter"}]},{"@type":"WebSite","@id":"https:\/\/www.janycoachingconsulting.com\/fr\/#website","url":"https:\/\/www.janycoachingconsulting.com\/fr\/","name":"Jany Coaching &amp; Consulting","description":"Makes People and Businesses evolve","publisher":{"@id":"https:\/\/www.janycoachingconsulting.com\/fr\/#organization"},"alternateName":"JC&C","potentialAction":[{"@type":"SearchAction","target":{"@type":"EntryPoint","urlTemplate":"https:\/\/www.janycoachingconsulting.com\/fr\/?s={search_term_string}"},"query-input":"required name=search_term_string"}],"inLanguage":"fr-FR"},{"@type":"Organization","@id":"https:\/\/www.janycoachingconsulting.com\/fr\/#organization","name":"Jany Coaching &amp; Consulting","alternateName":"JC&C","url":"https:\/\/www.janycoachingconsulting.com\/fr\/","logo":{"@type":"ImageObject","inLanguage":"fr-FR","@id":"https:\/\/www.janycoachingconsulting.com\/fr\/#\/schema\/logo\/image\/","url":"https:\/\/www.janycoachingconsulting.com\/wp-content\/uploads\/2022\/10\/logo-jcc-white-web.png","contentUrl":"https:\/\/www.janycoachingconsulting.com\/wp-content\/uploads\/2022\/10\/logo-jcc-white-web.png","width":250,"height":82,"caption":"Jany Coaching &amp; Consulting"},"image":{"@id":"https:\/\/www.janycoachingconsulting.com\/fr\/#\/schema\/logo\/image\/"},"sameAs":["https:\/\/x.com\/JCCcoachconsult","http:\/\/www.linkedin.com\/in\/anne-jany-1901006"]}]}},"_links":{"self":[{"href":"https:\/\/www.janycoachingconsulting.com\/fr\/wp-json\/wp\/v2\/pages\/26173"}],"collection":[{"href":"https:\/\/www.janycoachingconsulting.com\/fr\/wp-json\/wp\/v2\/pages"}],"about":[{"href":"https:\/\/www.janycoachingconsulting.com\/fr\/wp-json\/wp\/v2\/types\/page"}],"author":[{"embeddable":true,"href":"https:\/\/www.janycoachingconsulting.com\/fr\/wp-json\/wp\/v2\/users\/2"}],"replies":[{"embeddable":true,"href":"https:\/\/www.janycoachingconsulting.com\/fr\/wp-json\/wp\/v2\/comments?post=26173"}],"version-history":[{"count":21,"href":"https:\/\/www.janycoachingconsulting.com\/fr\/wp-json\/wp\/v2\/pages\/26173\/revisions"}],"predecessor-version":[{"id":27243,"href":"https:\/\/www.janycoachingconsulting.com\/fr\/wp-json\/wp\/v2\/pages\/26173\/revisions\/27243"}],"wp:attachment":[{"href":"https:\/\/www.janycoachingconsulting.com\/fr\/wp-json\/wp\/v2\/media?parent=26173"}],"curies":[{"name":"wp","href":"https:\/\/api.w.org\/{rel}","templated":true}]}}